{"id":1603,"date":"2020-03-25T11:22:43","date_gmt":"2020-03-25T10:22:43","guid":{"rendered":"https:\/\/hamtakraftbyscapa.com\/?page_id=1603"},"modified":"2024-05-18T13:11:51","modified_gmt":"2024-05-18T11:11:51","slug":"beds","status":"publish","type":"page","link":"https:\/\/hamtakraftbyscapa.com\/en\/beds\/","title":{"rendered":"Beds"},"content":{"rendered":"\n<style type=\"text\/css\" data-created_by=\"avia_inline_auto\" id=\"style-css-av-ji7x0xx4-0a1ec395668f10613922ab052ec944c7\">\n.avia-section.av-ji7x0xx4-0a1ec395668f10613922ab052ec944c7{\nbackground-repeat:no-repeat;\nbackground-image:url(https:\/\/hamtakraftbyscapa.com\/wp-content\/uploads\/2018\/04\/X5A2430-kopiera-2.jpg);\nbackground-position:50% 50%;\nbackground-attachment:scroll;\n}\n<\/style>\n<div id='av_section_1'  class='avia-section av-ji7x0xx4-0a1ec395668f10613922ab052ec944c7 main_color avia-section-default avia-no-border-styling  avia-builder-el-0  el_before_av_section  avia-builder-el-first  avia-full-stretch avia-bg-style-scroll av-minimum-height av-minimum-height-custom av-height-custom  container_wrap sidebar_right'  data-section-bg-repeat='stretch' data-av_minimum_height_px='500'><div class='container av-section-cont-open' style='height:500px'><main  role=\"main\" itemprop=\"mainContentOfPage\"  class='template-page content  av-content-small alpha units'><div class='post-entry post-entry-type-page post-entry-1603'><div class='entry-content-wrapper clearfix'>\n<\/div><\/div><\/main><!-- close content main element --><\/div><\/div><div id='av_section_2'  class='avia-section av-145nae-dd02767519d171ca24b546a0ea03165e main_color avia-section-default avia-no-border-styling  avia-builder-el-1  el_after_av_section  avia-builder-el-last  avia-bg-style-scroll container_wrap sidebar_right'  ><div class='container av-section-cont-open' ><div class='template-page content  av-content-small alpha units'><div class='post-entry post-entry-type-page post-entry-1603'><div class='entry-content-wrapper clearfix'>\n\n<style type=\"text\/css\" data-created_by=\"avia_inline_auto\" id=\"style-css-av-jfg5nepn-bd97e5ba368539c77ab80242598ca79d\">\n#top .flex_column.av-jfg5nepn-bd97e5ba368539c77ab80242598ca79d{\nmargin-top:0px;\nmargin-bottom:0px;\n}\n.flex_column.av-jfg5nepn-bd97e5ba368539c77ab80242598ca79d{\nborder-radius:0px 0px 0px 0px;\npadding:0px 0px 0px 0px;\n}\n.responsive #top #wrap_all .flex_column.av-jfg5nepn-bd97e5ba368539c77ab80242598ca79d{\nmargin-top:0px;\nmargin-bottom:0px;\n}\n<\/style>\n<div  class='flex_column av-jfg5nepn-bd97e5ba368539c77ab80242598ca79d av_one_full  avia-builder-el-2  el_before_av_masonry_entries  avia-builder-el-no-sibling  first flex_column_div av-animated-generic fade-in av-zero-column-padding  '     ><style type=\"text\/css\" data-created_by=\"avia_inline_auto\" id=\"style-css-av-3i9fhv-c1a23399a62e6e7c6f0bb0132e641bf6\">\n#top .av-special-heading.av-3i9fhv-c1a23399a62e6e7c6f0bb0132e641bf6{\nmargin:20px 0 100px 0;\npadding-bottom:0;\nfont-size:60px;\n}\nbody .av-special-heading.av-3i9fhv-c1a23399a62e6e7c6f0bb0132e641bf6 .av-special-heading-tag .heading-char{\nfont-size:25px;\n}\n#top #wrap_all .av-special-heading.av-3i9fhv-c1a23399a62e6e7c6f0bb0132e641bf6 .av-special-heading-tag{\nfont-size:60px;\n}\n.av-special-heading.av-3i9fhv-c1a23399a62e6e7c6f0bb0132e641bf6 .av-subheading{\nfont-size:15px;\n}\n\n@media only screen and (min-width: 480px) and (max-width: 767px){ \n#top #wrap_all .av-special-heading.av-3i9fhv-c1a23399a62e6e7c6f0bb0132e641bf6 .av-special-heading-tag{\nfont-size:0.8em;\n}\n}\n\n@media only screen and (max-width: 479px){ \n#top #wrap_all .av-special-heading.av-3i9fhv-c1a23399a62e6e7c6f0bb0132e641bf6 .av-special-heading-tag{\nfont-size:0.8em;\n}\n}\n<\/style>\n<div  class='av-special-heading av-3i9fhv-c1a23399a62e6e7c6f0bb0132e641bf6 av-special-heading-h1 blockquote modern-quote  avia-builder-el-3  avia-builder-el-no-sibling  av-inherit-size av-linked-heading'><h1 class='av-special-heading-tag '  itemprop=\"headline\"  >Swedish beds <\/h1><div class=\"special-heading-border\"><div class=\"special-heading-inner-border\"><\/div><\/div><\/div><\/div><div id='av-masonry-1' class='av-masonry av-jg4ftwcr-be5f1c7596c52c8f5d76fd765b993e7b noHover av-fixed-size av-large-gap av-hover-overlay- av-masonry-animation-active av-masonry-col-3 av-caption-always av-caption-style- av-masonry-entries av-medium-columns-overwrite av-medium-columns-3 av-orientation-square ' data-post_id=\"1603\"><div class=\"av-masonry-container isotope av-js-disabled\"><div class='av-masonry-entry isotope-item av-masonry-item-no-image '><\/div><a href=\"https:\/\/hamtakraftbyscapa.com\/en\/productos\/vaxo-beds\/\"  id='av-masonry-1-item-2450' data-av-masonry-item='2450' class='av-masonry-entry isotope-item post-2450 portfolio type-portfolio status-publish has-post-thumbnail hentry tag-camas-descanso-en tag-camas-suecas-en portfolio_entries-beds  av-masonry-item-with-image' title=\"Vax\u00f6 Beds\"   itemscope=\"itemscope\" itemtype=\"https:\/\/schema.org\/CreativeWork\" ><div class='av-inner-masonry-sizer'><\/div><figure class='av-inner-masonry main_color'><div class=\"av-masonry-outerimage-container\"><div class='av-masonry-image-container' style=\"background-image: url(https:\/\/hamtakraftbyscapa.com\/wp-content\/uploads\/2022\/03\/cama-vaxo-705x527.jpg);\" ><\/div><\/div><figcaption class='av-inner-masonry-content site-background'><div class='av-inner-masonry-content-pos'><div class='av-inner-masonry-content-pos-content'><div class='avia-arrow'><\/div><h3 class='av-masonry-entry-title entry-title '  itemprop=\"headline\" >Vax\u00f6 Beds<\/h3><\/div><\/div><\/figcaption><\/figure><\/a><!--end av-masonry entry--><a href=\"https:\/\/hamtakraftbyscapa.com\/en\/productos\/vano-beds\/\"  id='av-masonry-1-item-2494' data-av-masonry-item='2494' class='av-masonry-entry isotope-item post-2494 portfolio type-portfolio status-publish has-post-thumbnail hentry tag-camas-descanso-en tag-camas-suecas-en portfolio_entries-beds  av-masonry-item-with-image' title=\"cama-vano-generica\"   itemscope=\"itemscope\" itemtype=\"https:\/\/schema.org\/CreativeWork\" ><div class='av-inner-masonry-sizer'><\/div><figure class='av-inner-masonry main_color'><div class=\"av-masonry-outerimage-container\"><div class='av-masonry-image-container' style=\"background-image: url(https:\/\/hamtakraftbyscapa.com\/wp-content\/uploads\/2022\/03\/cama-vano-generica-705x527.jpg);\"  title=\"cama-vano-generica\" ><\/div><\/div><figcaption class='av-inner-masonry-content site-background'><div class='av-inner-masonry-content-pos'><div class='av-inner-masonry-content-pos-content'><div class='avia-arrow'><\/div><h3 class='av-masonry-entry-title entry-title '  itemprop=\"headline\" >V\u00e4n\u00f6 Beds<\/h3><\/div><\/div><\/figcaption><\/figure><\/a><!--end av-masonry entry--><a href=\"https:\/\/hamtakraftbyscapa.com\/en\/productos\/varmdo-beds\/\"  id='av-masonry-1-item-2109' data-av-masonry-item='2109' class='av-masonry-entry isotope-item post-2109 portfolio type-portfolio status-publish has-post-thumbnail hentry tag-camas-descanso-en tag-camas-suecas-en portfolio_entries-beds  av-masonry-item-with-image' title=\"varmo-ajustable\"   itemscope=\"itemscope\" itemtype=\"https:\/\/schema.org\/CreativeWork\" ><div class='av-inner-masonry-sizer'><\/div><figure class='av-inner-masonry main_color'><div class=\"av-masonry-outerimage-container\"><div class='av-masonry-image-container' style=\"background-image: url(https:\/\/hamtakraftbyscapa.com\/wp-content\/uploads\/2022\/03\/varmo-ajustable-705x527.jpg);\"  title=\"varmo-ajustable\" ><\/div><\/div><figcaption class='av-inner-masonry-content site-background'><div class='av-inner-masonry-content-pos'><div class='av-inner-masonry-content-pos-content'><div class='avia-arrow'><\/div><h3 class='av-masonry-entry-title entry-title '  itemprop=\"headline\" >V\u00e4rmd\u00f6 Beds<\/h3><\/div><\/div><\/figcaption><\/figure><\/a><!--end av-masonry entry--><\/div><\/div>\n\n<style type=\"text\/css\" data-created_by=\"avia_inline_auto\" id=\"style-css-av-jfjntthx-cfa88b432385a82605318e4b1aca342a\">\n#top .hr.hr-invisible.av-jfjntthx-cfa88b432385a82605318e4b1aca342a{\nheight:100px;\n}\n<\/style>\n<div  class='hr av-jfjntthx-cfa88b432385a82605318e4b1aca342a hr-invisible  avia-builder-el-5  el_after_av_masonry_entries  el_before_av_one_fourth  avia-builder-el-first '><span class='hr-inner '><span class=\"hr-inner-style\"><\/span><\/span><\/div>\n\n<style type=\"text\/css\" data-created_by=\"avia_inline_auto\" id=\"style-css-av-1kbp16-3421f18de359c4df72201708db8118ca\">\n.flex_column.av-1kbp16-3421f18de359c4df72201708db8118ca{\nborder-radius:0px 0px 0px 0px;\npadding:0px 0px 0px 0px;\n}\n<\/style>\n<div  class='flex_column av-1kbp16-3421f18de359c4df72201708db8118ca av_one_fourth  avia-builder-el-6  el_after_av_hr  el_before_av_two_third  first flex_column_div av-animated-generic bottom-to-top av-zero-column-padding  '     ><section  class='av_textblock_section av-k0gdjh1j-cfeb445380ca400ec1c38f8c9338e11c '   itemscope=\"itemscope\" itemtype=\"https:\/\/schema.org\/CreativeWork\" ><div class='avia_textblock'  itemprop=\"text\" ><span class='pum-trigger  popmake-1753  avia-button   avia-icon_select-yes-left-icon avia-color-theme-color avia-size-x-large avia-position-center  mfp-iframe lightbox-added' data-do-default=''>Download Brochure<\/span>\n<\/div><\/section><\/div>\n<style type=\"text\/css\" data-created_by=\"avia_inline_auto\" id=\"style-css-av-1kbp16-1-fbb4188d87a6d51d28fa6f7df17132aa\">\n.flex_column.av-1kbp16-1-fbb4188d87a6d51d28fa6f7df17132aa{\nborder-radius:0px 0px 0px 0px;\npadding:0px 0px 0px 0px;\n}\n<\/style>\n<div  class='flex_column av-1kbp16-1-fbb4188d87a6d51d28fa6f7df17132aa av_two_third  avia-builder-el-8  el_after_av_one_fourth  avia-builder-el-last  flex_column_div av-animated-generic bottom-to-top av-zero-column-padding  '     ><p>\n<style type=\"text\/css\" data-created_by=\"avia_inline_auto\" id=\"style-css-av-29drwz-7c11d09e897c3463970fce8462c126e1\">\n#top .av-special-heading.av-29drwz-7c11d09e897c3463970fce8462c126e1{\npadding-bottom:10px;\nfont-size:50px;\n}\nbody .av-special-heading.av-29drwz-7c11d09e897c3463970fce8462c126e1 .av-special-heading-tag .heading-char{\nfont-size:25px;\n}\n#top #wrap_all .av-special-heading.av-29drwz-7c11d09e897c3463970fce8462c126e1 .av-special-heading-tag{\nfont-size:50px;\n}\n.av-special-heading.av-29drwz-7c11d09e897c3463970fce8462c126e1 .av-subheading{\nfont-size:15px;\n}\n\n@media only screen and (min-width: 480px) and (max-width: 767px){ \n#top #wrap_all .av-special-heading.av-29drwz-7c11d09e897c3463970fce8462c126e1 .av-special-heading-tag{\nfont-size:0.8em;\n}\n}\n\n@media only screen and (max-width: 479px){ \n#top #wrap_all .av-special-heading.av-29drwz-7c11d09e897c3463970fce8462c126e1 .av-special-heading-tag{\nfont-size:0.8em;\n}\n}\n<\/style>\n<div  class='av-special-heading av-29drwz-7c11d09e897c3463970fce8462c126e1 av-special-heading-h4 blockquote modern-quote  avia-builder-el-9  el_before_av_textblock  avia-builder-el-first  av-inherit-size'><h4 class='av-special-heading-tag '  itemprop=\"headline\"  >How to ask or request any of our products?<\/h4><div class=\"special-heading-border\"><div class=\"special-heading-inner-border\"><\/div><\/div><\/div><br \/>\n<section  class='av_textblock_section av-175vxm-333614bf8b3453b89f7cf28edee84185 '   itemscope=\"itemscope\" itemtype=\"https:\/\/schema.org\/CreativeWork\" ><div class='avia_textblock'  itemprop=\"text\" ><p>If you want information about our equipment or open a franchise, do not hesitate to contact us.<br \/>\n<strong>Fill out the form<\/strong> below, come <strong>visit us<\/strong> or <strong>call us<\/strong>. We are at your disposal:<\/p>\n<p><strong>RUNESCO DISTRIBUCI\u00d3N S.L.<\/strong><\/p>\n<\/div><\/section><\/p><\/div><\/div><\/div><\/div><!-- close content main div --><\/div><\/div><div id='after_section_2'  class='main_color av_default_container_wrap container_wrap sidebar_right'  ><div class='container av-section-cont-open' ><div class='template-page content  av-content-small alpha units'><div class='post-entry post-entry-type-page post-entry-1603'><div class='entry-content-wrapper clearfix'>\n","protected":false},"excerpt":{"rendered":"","protected":false},"author":1,"featured_media":0,"parent":0,"menu_order":0,"comment_status":"closed","ping_status":"closed","template":"","meta":{"footnotes":""},"class_list":["post-1603","page","type-page","status-publish","hentry"],"yoast_head":"<!-- This site is optimized with the Yoast SEO plugin v26.8 - https:\/\/yoast.com\/product\/yoast-seo-wordpress\/ -->\n<title>Beds - Handmade Swedish beds<\/title>\n<meta name=\"description\" content=\"Camas Vax\u00f6 - Camas V\u00e4n\u00f6 - Camas V\u00e4rmd\u00f6\" \/>\n<meta name=\"robots\" content=\"index, follow, max-snippet:-1, max-image-preview:large, max-video-preview:-1\" \/>\n<link rel=\"canonical\" href=\"https:\/\/hamtakraftbyscapa.com\/en\/beds\/\" \/>\n<meta property=\"og:locale\" content=\"en_US\" \/>\n<meta property=\"og:type\" content=\"article\" \/>\n<meta property=\"og:title\" content=\"Beds - Handmade Swedish beds\" \/>\n<meta property=\"og:description\" content=\"Camas Vax\u00f6 - Camas V\u00e4n\u00f6 - Camas V\u00e4rmd\u00f6\" \/>\n<meta property=\"og:url\" content=\"https:\/\/hamtakraftbyscapa.com\/en\/beds\/\" \/>\n<meta property=\"og:site_name\" content=\"Camas Suecas\" \/>\n<meta property=\"article:modified_time\" content=\"2024-05-18T11:11:51+00:00\" \/>\n<meta name=\"twitter:card\" content=\"summary_large_image\" \/>\n<meta name=\"twitter:label1\" content=\"Est. reading time\" \/>\n\t<meta name=\"twitter:data1\" content=\"1 minute\" \/>\n<script type=\"application\/ld+json\" class=\"yoast-schema-graph\">{\"@context\":\"https:\/\/schema.org\",\"@graph\":[{\"@type\":\"WebPage\",\"@id\":\"https:\/\/hamtakraftbyscapa.com\/en\/beds\/\",\"url\":\"https:\/\/hamtakraftbyscapa.com\/en\/beds\/\",\"name\":\"Beds - Handmade Swedish beds\",\"isPartOf\":{\"@id\":\"https:\/\/hamtakraftbyscapa.com\/en\/#website\"},\"datePublished\":\"2020-03-25T10:22:43+00:00\",\"dateModified\":\"2024-05-18T11:11:51+00:00\",\"description\":\"Camas Vax\u00f6 - Camas V\u00e4n\u00f6 - Camas V\u00e4rmd\u00f6\",\"breadcrumb\":{\"@id\":\"https:\/\/hamtakraftbyscapa.com\/en\/beds\/#breadcrumb\"},\"inLanguage\":\"en-US\",\"potentialAction\":[{\"@type\":\"ReadAction\",\"target\":[\"https:\/\/hamtakraftbyscapa.com\/en\/beds\/\"]}]},{\"@type\":\"BreadcrumbList\",\"@id\":\"https:\/\/hamtakraftbyscapa.com\/en\/beds\/#breadcrumb\",\"itemListElement\":[{\"@type\":\"ListItem\",\"position\":1,\"name\":\"Portada\",\"item\":\"https:\/\/hamtakraftbyscapa.com\/en\/home\/\"},{\"@type\":\"ListItem\",\"position\":2,\"name\":\"Beds\"}]},{\"@type\":\"WebSite\",\"@id\":\"https:\/\/hamtakraftbyscapa.com\/en\/#website\",\"url\":\"https:\/\/hamtakraftbyscapa.com\/en\/\",\"name\":\"H\u00e4mta Kraft by Scapa - Beds of Sweden\",\"description\":\"Posiblemente las mejores camas del mundo\",\"publisher\":{\"@id\":\"https:\/\/hamtakraftbyscapa.com\/en\/#organization\"},\"potentialAction\":[{\"@type\":\"SearchAction\",\"target\":{\"@type\":\"EntryPoint\",\"urlTemplate\":\"https:\/\/hamtakraftbyscapa.com\/en\/?s={search_term_string}\"},\"query-input\":{\"@type\":\"PropertyValueSpecification\",\"valueRequired\":true,\"valueName\":\"search_term_string\"}}],\"inLanguage\":\"en-US\"},{\"@type\":\"Organization\",\"@id\":\"https:\/\/hamtakraftbyscapa.com\/en\/#organization\",\"name\":\"H\u00e4mta Kraft by Scapa\",\"url\":\"https:\/\/hamtakraftbyscapa.com\/en\/\",\"logo\":{\"@type\":\"ImageObject\",\"inLanguage\":\"en-US\",\"@id\":\"https:\/\/hamtakraftbyscapa.com\/en\/#\/schema\/logo\/image\/\",\"url\":\"https:\/\/hamtakraftbyscapa.com\/wp-content\/uploads\/2019\/10\/hamta-kraft-by-scapa-camas-suecas-gris.jpg\",\"contentUrl\":\"https:\/\/hamtakraftbyscapa.com\/wp-content\/uploads\/2019\/10\/hamta-kraft-by-scapa-camas-suecas-gris.jpg\",\"width\":324,\"height\":164,\"caption\":\"H\u00e4mta Kraft by Scapa\"},\"image\":{\"@id\":\"https:\/\/hamtakraftbyscapa.com\/en\/#\/schema\/logo\/image\/\"},\"sameAs\":[\"https:\/\/www.instagram.com\/hamta_kraft_by_scapa\/\",\"https:\/\/www.youtube.com\/@hamtakraftbyscapa-bedsofsw6562\"]}]}<\/script>\n<!-- \/ Yoast SEO plugin. -->","yoast_head_json":{"title":"Beds - Handmade Swedish beds","description":"Camas Vax\u00f6 - Camas V\u00e4n\u00f6 - Camas V\u00e4rmd\u00f6","robots":{"index":"index","follow":"follow","max-snippet":"max-snippet:-1","max-image-preview":"max-image-preview:large","max-video-preview":"max-video-preview:-1"},"canonical":"https:\/\/hamtakraftbyscapa.com\/en\/beds\/","og_locale":"en_US","og_type":"article","og_title":"Beds - Handmade Swedish beds","og_description":"Camas Vax\u00f6 - Camas V\u00e4n\u00f6 - Camas V\u00e4rmd\u00f6","og_url":"https:\/\/hamtakraftbyscapa.com\/en\/beds\/","og_site_name":"Camas Suecas","article_modified_time":"2024-05-18T11:11:51+00:00","twitter_card":"summary_large_image","twitter_misc":{"Est. reading time":"1 minute"},"schema":{"@context":"https:\/\/schema.org","@graph":[{"@type":"WebPage","@id":"https:\/\/hamtakraftbyscapa.com\/en\/beds\/","url":"https:\/\/hamtakraftbyscapa.com\/en\/beds\/","name":"Beds - Handmade Swedish beds","isPartOf":{"@id":"https:\/\/hamtakraftbyscapa.com\/en\/#website"},"datePublished":"2020-03-25T10:22:43+00:00","dateModified":"2024-05-18T11:11:51+00:00","description":"Camas Vax\u00f6 - Camas V\u00e4n\u00f6 - Camas V\u00e4rmd\u00f6","breadcrumb":{"@id":"https:\/\/hamtakraftbyscapa.com\/en\/beds\/#breadcrumb"},"inLanguage":"en-US","potentialAction":[{"@type":"ReadAction","target":["https:\/\/hamtakraftbyscapa.com\/en\/beds\/"]}]},{"@type":"BreadcrumbList","@id":"https:\/\/hamtakraftbyscapa.com\/en\/beds\/#breadcrumb","itemListElement":[{"@type":"ListItem","position":1,"name":"Portada","item":"https:\/\/hamtakraftbyscapa.com\/en\/home\/"},{"@type":"ListItem","position":2,"name":"Beds"}]},{"@type":"WebSite","@id":"https:\/\/hamtakraftbyscapa.com\/en\/#website","url":"https:\/\/hamtakraftbyscapa.com\/en\/","name":"H\u00e4mta Kraft by Scapa - Beds of Sweden","description":"Posiblemente las mejores camas del mundo","publisher":{"@id":"https:\/\/hamtakraftbyscapa.com\/en\/#organization"},"potentialAction":[{"@type":"SearchAction","target":{"@type":"EntryPoint","urlTemplate":"https:\/\/hamtakraftbyscapa.com\/en\/?s={search_term_string}"},"query-input":{"@type":"PropertyValueSpecification","valueRequired":true,"valueName":"search_term_string"}}],"inLanguage":"en-US"},{"@type":"Organization","@id":"https:\/\/hamtakraftbyscapa.com\/en\/#organization","name":"H\u00e4mta Kraft by Scapa","url":"https:\/\/hamtakraftbyscapa.com\/en\/","logo":{"@type":"ImageObject","inLanguage":"en-US","@id":"https:\/\/hamtakraftbyscapa.com\/en\/#\/schema\/logo\/image\/","url":"https:\/\/hamtakraftbyscapa.com\/wp-content\/uploads\/2019\/10\/hamta-kraft-by-scapa-camas-suecas-gris.jpg","contentUrl":"https:\/\/hamtakraftbyscapa.com\/wp-content\/uploads\/2019\/10\/hamta-kraft-by-scapa-camas-suecas-gris.jpg","width":324,"height":164,"caption":"H\u00e4mta Kraft by Scapa"},"image":{"@id":"https:\/\/hamtakraftbyscapa.com\/en\/#\/schema\/logo\/image\/"},"sameAs":["https:\/\/www.instagram.com\/hamta_kraft_by_scapa\/","https:\/\/www.youtube.com\/@hamtakraftbyscapa-bedsofsw6562"]}]}},"_links":{"self":[{"href":"https:\/\/hamtakraftbyscapa.com\/en\/wp-json\/wp\/v2\/pages\/1603","targetHints":{"allow":["GET"]}}],"collection":[{"href":"https:\/\/hamtakraftbyscapa.com\/en\/wp-json\/wp\/v2\/pages"}],"about":[{"href":"https:\/\/hamtakraftbyscapa.com\/en\/wp-json\/wp\/v2\/types\/page"}],"author":[{"embeddable":true,"href":"https:\/\/hamtakraftbyscapa.com\/en\/wp-json\/wp\/v2\/users\/1"}],"replies":[{"embeddable":true,"href":"https:\/\/hamtakraftbyscapa.com\/en\/wp-json\/wp\/v2\/comments?post=1603"}],"version-history":[{"count":7,"href":"https:\/\/hamtakraftbyscapa.com\/en\/wp-json\/wp\/v2\/pages\/1603\/revisions"}],"predecessor-version":[{"id":2871,"href":"https:\/\/hamtakraftbyscapa.com\/en\/wp-json\/wp\/v2\/pages\/1603\/revisions\/2871"}],"wp:attachment":[{"href":"https:\/\/hamtakraftbyscapa.com\/en\/wp-json\/wp\/v2\/media?parent=1603"}],"curies":[{"name":"wp","href":"https:\/\/api.w.org\/{rel}","templated":true}]}}